{"id":13,"date":"2021-03-06T23:10:47","date_gmt":"2021-03-06T22:10:47","guid":{"rendered":"https:\/\/contentscouts.de\/?page_id=13"},"modified":"2025-12-29T14:37:06","modified_gmt":"2025-12-29T13:37:06","slug":"team","status":"publish","type":"page","link":"https:\/\/contentscouts.de\/?page_id=13","title":{"rendered":"Team"},"content":{"rendered":"\t\t<div data-elementor-type=\"wp-page\" data-elementor-id=\"13\" class=\"elementor elementor-13\">\n\t\t\t\t\t\t<section class=\"elementor-section elementor-top-section elementor-element elementor-element-4dd7637f elementor-section-boxed elementor-section-height-default elementor-section-height-default\" data-id=\"4dd7637f\" data-element_type=\"section\" data-e-type=\"section\">\n\t\t\t\t\t\t\t<div class=\"elementor-background-overlay\"><\/div>\n\t\t\t\t\t\t\t<div class=\"elementor-container elementor-column-gap-default\">\n\t\t\t\t\t<div class=\"elementor-column elementor-col-100 elementor-top-column elementor-element elementor-element-2e8b6bf7\" data-id=\"2e8b6bf7\" data-element_type=\"column\" data-e-type=\"column\">\n\t\t\t<div class=\"elementor-widget-wrap elementor-element-populated\">\n\t\t\t\t\t\t<div class=\"elementor-element elementor-element-72da9f84 elementor-widget elementor-widget-heading\" data-id=\"72da9f84\" data-element_type=\"widget\" data-e-type=\"widget\" data-widget_type=\"heading.default\">\n\t\t\t\t<div class=\"elementor-widget-container\">\n\t\t\t\t\t<h2 class=\"elementor-heading-title elementor-size-default\">Der Gr\u00fcnder<\/h2>\t\t\t\t<\/div>\n\t\t\t\t<\/div>\n\t\t\t\t\t<\/div>\n\t\t<\/div>\n\t\t\t\t\t<\/div>\n\t\t<\/section>\n\t\t\t\t<section class=\"elementor-section elementor-top-section elementor-element elementor-element-568f757 elementor-section-boxed elementor-section-height-default elementor-section-height-default\" data-id=\"568f757\" data-element_type=\"section\" data-e-type=\"section\" data-settings=\"{&quot;background_background&quot;:&quot;classic&quot;}\">\n\t\t\t\t\t\t<div class=\"elementor-container elementor-column-gap-default\">\n\t\t\t\t\t<div class=\"elementor-column elementor-col-50 elementor-top-column elementor-element elementor-element-058e09e\" data-id=\"058e09e\" data-element_type=\"column\" data-e-type=\"column\">\n\t\t\t<div class=\"elementor-widget-wrap elementor-element-populated\">\n\t\t\t\t\t\t<div class=\"elementor-element elementor-element-99328ff elementor-widget elementor-widget-image\" data-id=\"99328ff\" data-element_type=\"widget\" data-e-type=\"widget\" data-widget_type=\"image.default\">\n\t\t\t\t<div class=\"elementor-widget-container\">\n\t\t\t\t\t\t\t\t\t\t\t\t\t\t\t<img decoding=\"async\" src=\"https:\/\/contentscouts.de\/wp-content\/uploads\/elementor\/thumbs\/DSC_3629-scaled-pg03node02xrfsxsm1jc14fzfg8tacxzhchsm7u4gg.jpg\" title=\"DSC_3629\" alt=\"DSC_3629\" loading=\"lazy\" \/>\t\t\t\t\t\t\t\t\t\t\t\t\t\t\t<\/div>\n\t\t\t\t<\/div>\n\t\t\t\t\t<\/div>\n\t\t<\/div>\n\t\t\t\t<div class=\"elementor-column elementor-col-50 elementor-top-column elementor-element elementor-element-cc02aee\" data-id=\"cc02aee\" data-element_type=\"column\" data-e-type=\"column\">\n\t\t\t<div class=\"elementor-widget-wrap elementor-element-populated\">\n\t\t\t\t\t\t<div class=\"elementor-element elementor-element-0de3a47 elementor-widget elementor-widget-text-editor\" data-id=\"0de3a47\" data-element_type=\"widget\" data-e-type=\"widget\" data-widget_type=\"text-editor.default\">\n\t\t\t\t<div class=\"elementor-widget-container\">\n\t\t\t\t\t\t\t\t\t<p><strong>Franz Joachim Ro\u00dfmann<\/strong>: Seit 2004 arbeitet der diplomierte Nachrichtentechnikingenieur als freier Journalist f\u00fcr Zulieferer des Maschinenbaus und Fachzeitschriften aus den Bereichen Automotive, Automatisierung und Maschinenbau. Bevor er sich selbstst\u00e4ndig machte, war er in Doppelfunktion Chefredakteur eines Elektronik- und eines Automatisierungsmagazins, die er jeweils von Grund auf neu konzeptionierte und zu f\u00fchrenden Publikationen ausbaute.<\/p>\t\t\t\t\t\t\t\t<\/div>\n\t\t\t\t<\/div>\n\t\t\t\t\t<\/div>\n\t\t<\/div>\n\t\t\t\t\t<\/div>\n\t\t<\/section>\n\t\t\t\t<section class=\"elementor-section elementor-top-section elementor-element elementor-element-37d92873 elementor-section-boxed elementor-section-height-default elementor-section-height-default\" data-id=\"37d92873\" data-element_type=\"section\" data-e-type=\"section\" data-settings=\"{&quot;background_background&quot;:&quot;classic&quot;}\">\n\t\t\t\t\t\t<div class=\"elementor-container elementor-column-gap-default\">\n\t\t\t\t\t<div class=\"elementor-column elementor-col-33 elementor-top-column elementor-element elementor-element-603066f\" data-id=\"603066f\" data-element_type=\"column\" data-e-type=\"column\">\n\t\t\t<div class=\"elementor-widget-wrap elementor-element-populated\">\n\t\t\t\t\t\t<div class=\"elementor-element elementor-element-439584ca elementor-invisible elementor-widget elementor-widget-heading\" data-id=\"439584ca\" data-element_type=\"widget\" data-e-type=\"widget\" data-settings=\"{&quot;_animation&quot;:&quot;fadeIn&quot;}\" data-widget_type=\"heading.default\">\n\t\t\t\t<div class=\"elementor-widget-container\">\n\t\t\t\t\t<h2 class=\"elementor-heading-title elementor-size-default\"><a href=\"https:\/\/contentscouts.de\/?page_id=76\">Impressum<\/a><\/h2>\t\t\t\t<\/div>\n\t\t\t\t<\/div>\n\t\t\t\t\t<\/div>\n\t\t<\/div>\n\t\t\t\t<div class=\"elementor-column elementor-col-33 elementor-top-column elementor-element elementor-element-d339714\" data-id=\"d339714\" data-element_type=\"column\" data-e-type=\"column\">\n\t\t\t<div class=\"elementor-widget-wrap elementor-element-populated\">\n\t\t\t\t\t\t<div class=\"elementor-element elementor-element-7134737b elementor-invisible elementor-widget elementor-widget-heading\" data-id=\"7134737b\" data-element_type=\"widget\" data-e-type=\"widget\" data-settings=\"{&quot;_animation&quot;:&quot;fadeIn&quot;}\" data-widget_type=\"heading.default\">\n\t\t\t\t<div class=\"elementor-widget-container\">\n\t\t\t\t\t<h2 class=\"elementor-heading-title elementor-size-default\"><a href=\"https:\/\/contentscouts.de\/?page_id=78\">Datenschutz<\/a><\/h2>\t\t\t\t<\/div>\n\t\t\t\t<\/div>\n\t\t\t\t\t<\/div>\n\t\t<\/div>\n\t\t\t\t<div class=\"elementor-column elementor-col-33 elementor-top-column elementor-element elementor-element-539d80f1\" data-id=\"539d80f1\" data-element_type=\"column\" data-e-type=\"column\">\n\t\t\t<div class=\"elementor-widget-wrap\">\n\t\t\t\t\t\t\t<\/div>\n\t\t<\/div>\n\t\t\t\t\t<\/div>\n\t\t<\/section>\n\t\t\t\t<\/div>\n\t\t","protected":false},"excerpt":{"rendered":"<p>Der Gr\u00fcnder Franz Joachim Ro\u00dfmann: Seit 2004 arbeitet der diplomierte Nachrichtentechnikingenieur als freier Journalist f\u00fcr Zulieferer des Maschinenbaus und Fachzeitschriften aus den Bereichen Automotive, Automatisierung und Maschinenbau. Bevor er sich selbstst\u00e4ndig machte, war er in Doppelfunktion Chefredakteur eines Elektronik- und eines Automatisierungsmagazins, die er jeweils von Grund auf neu konzeptionierte und zu f\u00fchrenden Publikationen ausbaute. [&hellip;]<\/p>\n","protected":false},"author":1,"featured_media":0,"parent":0,"menu_order":0,"comment_status":"closed","ping_status":"closed","template":"","meta":{"ocean_post_layout":"full-screen","ocean_both_sidebars_style":"","ocean_both_sidebars_content_width":0,"ocean_both_sidebars_sidebars_width":0,"ocean_sidebar":"0","ocean_second_sidebar":"0","ocean_disable_margins":"enable","ocean_add_body_class":"","ocean_shortcode_before_top_bar":"","ocean_shortcode_after_top_bar":"","ocean_shortcode_before_header":"","ocean_shortcode_after_header":"","ocean_has_shortcode":"","ocean_shortcode_after_title":"","ocean_shortcode_before_footer_widgets":"","ocean_shortcode_after_footer_widgets":"","ocean_shortcode_before_footer_bottom":"","ocean_shortcode_after_footer_bottom":"","ocean_display_top_bar":"off","ocean_display_header":"default","ocean_header_style":"","ocean_center_header_left_menu":"0","ocean_custom_header_template":"0","ocean_custom_logo":0,"ocean_custom_retina_logo":0,"ocean_custom_logo_max_width":0,"ocean_custom_logo_tablet_max_width":0,"ocean_custom_logo_mobile_max_width":0,"ocean_custom_logo_max_height":0,"ocean_custom_logo_tablet_max_height":0,"ocean_custom_logo_mobile_max_height":0,"ocean_header_custom_menu":"0","ocean_menu_typo_font_family":"0","ocean_menu_typo_font_subset":"","ocean_menu_typo_font_size":0,"ocean_menu_typo_font_size_tablet":0,"ocean_menu_typo_font_size_mobile":0,"ocean_menu_typo_font_size_unit":"px","ocean_menu_typo_font_weight":"","ocean_menu_typo_font_weight_tablet":"","ocean_menu_typo_font_weight_mobile":"","ocean_menu_typo_transform":"","ocean_menu_typo_transform_tablet":"","ocean_menu_typo_transform_mobile":"","ocean_menu_typo_line_height":0,"ocean_menu_typo_line_height_tablet":0,"ocean_menu_typo_line_height_mobile":0,"ocean_menu_typo_line_height_unit":"","ocean_menu_typo_spacing":0,"ocean_menu_typo_spacing_tablet":0,"ocean_menu_typo_spacing_mobile":0,"ocean_menu_typo_spacing_unit":"","ocean_menu_link_color":"","ocean_menu_link_color_hover":"","ocean_menu_link_color_active":"","ocean_menu_link_background":"","ocean_menu_link_hover_background":"","ocean_menu_link_active_background":"","ocean_menu_social_links_bg":"","ocean_menu_social_hover_links_bg":"","ocean_menu_social_links_color":"","ocean_menu_social_hover_links_color":"","ocean_disable_title":"on","ocean_disable_heading":"default","ocean_post_title":"","ocean_post_subheading":"","ocean_post_title_style":"","ocean_post_title_background_color":"","ocean_post_title_background":0,"ocean_post_title_bg_image_position":"","ocean_post_title_bg_image_attachment":"","ocean_post_title_bg_image_repeat":"","ocean_post_title_bg_image_size":"","ocean_post_title_height":0,"ocean_post_title_bg_overlay":0.5,"ocean_post_title_bg_overlay_color":"","ocean_disable_breadcrumbs":"default","ocean_breadcrumbs_color":"","ocean_breadcrumbs_separator_color":"","ocean_breadcrumbs_links_color":"","ocean_breadcrumbs_links_hover_color":"","ocean_display_footer_widgets":"off","ocean_display_footer_bottom":"off","ocean_custom_footer_template":"0","footnotes":""},"class_list":["post-13","page","type-page","status-publish","hentry","entry"],"yoast_head":"<!-- This site is optimized with the Yoast SEO plugin v27.4 - https:\/\/yoast.com\/product\/yoast-seo-wordpress\/ -->\n<title>Team - ContentScouts<\/title>\n<meta name=\"robots\" content=\"index, follow, max-snippet:-1, max-image-preview:large, max-video-preview:-1\" \/>\n<link rel=\"canonical\" href=\"https:\/\/contentscouts.de\/?page_id=13\" \/>\n<meta property=\"og:locale\" content=\"de_DE\" \/>\n<meta property=\"og:type\" content=\"article\" \/>\n<meta property=\"og:title\" content=\"Team - ContentScouts\" \/>\n<meta property=\"og:description\" content=\"Der Gr\u00fcnder Franz Joachim Ro\u00dfmann: Seit 2004 arbeitet der diplomierte Nachrichtentechnikingenieur als freier Journalist f\u00fcr Zulieferer des Maschinenbaus und Fachzeitschriften aus den Bereichen Automotive, Automatisierung und Maschinenbau. Bevor er sich selbstst\u00e4ndig machte, war er in Doppelfunktion Chefredakteur eines Elektronik- und eines Automatisierungsmagazins, die er jeweils von Grund auf neu konzeptionierte und zu f\u00fchrenden Publikationen ausbaute. [&hellip;]\" \/>\n<meta property=\"og:url\" content=\"https:\/\/contentscouts.de\/?page_id=13\" \/>\n<meta property=\"og:site_name\" content=\"ContentScouts\" \/>\n<meta property=\"article:modified_time\" content=\"2025-12-29T13:37:06+00:00\" \/>\n<meta property=\"og:image\" content=\"https:\/\/contentscouts.de\/wp-content\/uploads\/elementor\/thumbs\/DSC_3629-scaled-pg03node02xrfsxsm1jc14fzfg8tacxzhchsm7u4gg.jpg\" \/>\n<meta name=\"twitter:card\" content=\"summary_large_image\" \/>\n<meta name=\"twitter:label1\" content=\"Gesch\u00e4tzte Lesezeit\" \/>\n\t<meta name=\"twitter:data1\" content=\"1\u00a0Minute\" \/>\n<script type=\"application\/ld+json\" class=\"yoast-schema-graph\">{\"@context\":\"https:\\\/\\\/schema.org\",\"@graph\":[{\"@type\":\"WebPage\",\"@id\":\"https:\\\/\\\/contentscouts.de\\\/?page_id=13\",\"url\":\"https:\\\/\\\/contentscouts.de\\\/?page_id=13\",\"name\":\"Team - ContentScouts\",\"isPartOf\":{\"@id\":\"https:\\\/\\\/contentscouts.de\\\/#website\"},\"primaryImageOfPage\":{\"@id\":\"https:\\\/\\\/contentscouts.de\\\/?page_id=13#primaryimage\"},\"image\":{\"@id\":\"https:\\\/\\\/contentscouts.de\\\/?page_id=13#primaryimage\"},\"thumbnailUrl\":\"https:\\\/\\\/contentscouts.de\\\/wp-content\\\/uploads\\\/elementor\\\/thumbs\\\/DSC_3629-scaled-pg03node02xrfsxsm1jc14fzfg8tacxzhchsm7u4gg.jpg\",\"datePublished\":\"2021-03-06T22:10:47+00:00\",\"dateModified\":\"2025-12-29T13:37:06+00:00\",\"breadcrumb\":{\"@id\":\"https:\\\/\\\/contentscouts.de\\\/?page_id=13#breadcrumb\"},\"inLanguage\":\"de\",\"potentialAction\":[{\"@type\":\"ReadAction\",\"target\":[\"https:\\\/\\\/contentscouts.de\\\/?page_id=13\"]}]},{\"@type\":\"ImageObject\",\"inLanguage\":\"de\",\"@id\":\"https:\\\/\\\/contentscouts.de\\\/?page_id=13#primaryimage\",\"url\":\"https:\\\/\\\/contentscouts.de\\\/wp-content\\\/uploads\\\/elementor\\\/thumbs\\\/DSC_3629-scaled-pg03node02xrfsxsm1jc14fzfg8tacxzhchsm7u4gg.jpg\",\"contentUrl\":\"https:\\\/\\\/contentscouts.de\\\/wp-content\\\/uploads\\\/elementor\\\/thumbs\\\/DSC_3629-scaled-pg03node02xrfsxsm1jc14fzfg8tacxzhchsm7u4gg.jpg\"},{\"@type\":\"BreadcrumbList\",\"@id\":\"https:\\\/\\\/contentscouts.de\\\/?page_id=13#breadcrumb\",\"itemListElement\":[{\"@type\":\"ListItem\",\"position\":1,\"name\":\"Startseite\",\"item\":\"https:\\\/\\\/contentscouts.de\\\/\"},{\"@type\":\"ListItem\",\"position\":2,\"name\":\"Team\"}]},{\"@type\":\"WebSite\",\"@id\":\"https:\\\/\\\/contentscouts.de\\\/#website\",\"url\":\"https:\\\/\\\/contentscouts.de\\\/\",\"name\":\"ContentScouts\",\"description\":\"Die Experten f\u00fcr High-Tech-Informationen\",\"publisher\":{\"@id\":\"https:\\\/\\\/contentscouts.de\\\/#organization\"},\"potentialAction\":[{\"@type\":\"SearchAction\",\"target\":{\"@type\":\"EntryPoint\",\"urlTemplate\":\"https:\\\/\\\/contentscouts.de\\\/?s={search_term_string}\"},\"query-input\":{\"@type\":\"PropertyValueSpecification\",\"valueRequired\":true,\"valueName\":\"search_term_string\"}}],\"inLanguage\":\"de\"},{\"@type\":\"Organization\",\"@id\":\"https:\\\/\\\/contentscouts.de\\\/#organization\",\"name\":\"ContentScouts\",\"url\":\"https:\\\/\\\/contentscouts.de\\\/\",\"logo\":{\"@type\":\"ImageObject\",\"inLanguage\":\"de\",\"@id\":\"https:\\\/\\\/contentscouts.de\\\/#\\\/schema\\\/logo\\\/image\\\/\",\"url\":\"https:\\\/\\\/contentscouts.de\\\/wp-content\\\/uploads\\\/2021\\\/03\\\/cropped-CS-Logo-mit-Klecks-transparentv1.png\",\"contentUrl\":\"https:\\\/\\\/contentscouts.de\\\/wp-content\\\/uploads\\\/2021\\\/03\\\/cropped-CS-Logo-mit-Klecks-transparentv1.png\",\"width\":250,\"height\":42,\"caption\":\"ContentScouts\"},\"image\":{\"@id\":\"https:\\\/\\\/contentscouts.de\\\/#\\\/schema\\\/logo\\\/image\\\/\"}}]}<\/script>\n<!-- \/ Yoast SEO plugin. -->","yoast_head_json":{"title":"Team - ContentScouts","robots":{"index":"index","follow":"follow","max-snippet":"max-snippet:-1","max-image-preview":"max-image-preview:large","max-video-preview":"max-video-preview:-1"},"canonical":"https:\/\/contentscouts.de\/?page_id=13","og_locale":"de_DE","og_type":"article","og_title":"Team - ContentScouts","og_description":"Der Gr\u00fcnder Franz Joachim Ro\u00dfmann: Seit 2004 arbeitet der diplomierte Nachrichtentechnikingenieur als freier Journalist f\u00fcr Zulieferer des Maschinenbaus und Fachzeitschriften aus den Bereichen Automotive, Automatisierung und Maschinenbau. Bevor er sich selbstst\u00e4ndig machte, war er in Doppelfunktion Chefredakteur eines Elektronik- und eines Automatisierungsmagazins, die er jeweils von Grund auf neu konzeptionierte und zu f\u00fchrenden Publikationen ausbaute. [&hellip;]","og_url":"https:\/\/contentscouts.de\/?page_id=13","og_site_name":"ContentScouts","article_modified_time":"2025-12-29T13:37:06+00:00","og_image":[{"url":"https:\/\/contentscouts.de\/wp-content\/uploads\/elementor\/thumbs\/DSC_3629-scaled-pg03node02xrfsxsm1jc14fzfg8tacxzhchsm7u4gg.jpg","type":"","width":"","height":""}],"twitter_card":"summary_large_image","twitter_misc":{"Gesch\u00e4tzte Lesezeit":"1\u00a0Minute"},"schema":{"@context":"https:\/\/schema.org","@graph":[{"@type":"WebPage","@id":"https:\/\/contentscouts.de\/?page_id=13","url":"https:\/\/contentscouts.de\/?page_id=13","name":"Team - ContentScouts","isPartOf":{"@id":"https:\/\/contentscouts.de\/#website"},"primaryImageOfPage":{"@id":"https:\/\/contentscouts.de\/?page_id=13#primaryimage"},"image":{"@id":"https:\/\/contentscouts.de\/?page_id=13#primaryimage"},"thumbnailUrl":"https:\/\/contentscouts.de\/wp-content\/uploads\/elementor\/thumbs\/DSC_3629-scaled-pg03node02xrfsxsm1jc14fzfg8tacxzhchsm7u4gg.jpg","datePublished":"2021-03-06T22:10:47+00:00","dateModified":"2025-12-29T13:37:06+00:00","breadcrumb":{"@id":"https:\/\/contentscouts.de\/?page_id=13#breadcrumb"},"inLanguage":"de","potentialAction":[{"@type":"ReadAction","target":["https:\/\/contentscouts.de\/?page_id=13"]}]},{"@type":"ImageObject","inLanguage":"de","@id":"https:\/\/contentscouts.de\/?page_id=13#primaryimage","url":"https:\/\/contentscouts.de\/wp-content\/uploads\/elementor\/thumbs\/DSC_3629-scaled-pg03node02xrfsxsm1jc14fzfg8tacxzhchsm7u4gg.jpg","contentUrl":"https:\/\/contentscouts.de\/wp-content\/uploads\/elementor\/thumbs\/DSC_3629-scaled-pg03node02xrfsxsm1jc14fzfg8tacxzhchsm7u4gg.jpg"},{"@type":"BreadcrumbList","@id":"https:\/\/contentscouts.de\/?page_id=13#breadcrumb","itemListElement":[{"@type":"ListItem","position":1,"name":"Startseite","item":"https:\/\/contentscouts.de\/"},{"@type":"ListItem","position":2,"name":"Team"}]},{"@type":"WebSite","@id":"https:\/\/contentscouts.de\/#website","url":"https:\/\/contentscouts.de\/","name":"ContentScouts","description":"Die Experten f\u00fcr High-Tech-Informationen","publisher":{"@id":"https:\/\/contentscouts.de\/#organization"},"potentialAction":[{"@type":"SearchAction","target":{"@type":"EntryPoint","urlTemplate":"https:\/\/contentscouts.de\/?s={search_term_string}"},"query-input":{"@type":"PropertyValueSpecification","valueRequired":true,"valueName":"search_term_string"}}],"inLanguage":"de"},{"@type":"Organization","@id":"https:\/\/contentscouts.de\/#organization","name":"ContentScouts","url":"https:\/\/contentscouts.de\/","logo":{"@type":"ImageObject","inLanguage":"de","@id":"https:\/\/contentscouts.de\/#\/schema\/logo\/image\/","url":"https:\/\/contentscouts.de\/wp-content\/uploads\/2021\/03\/cropped-CS-Logo-mit-Klecks-transparentv1.png","contentUrl":"https:\/\/contentscouts.de\/wp-content\/uploads\/2021\/03\/cropped-CS-Logo-mit-Klecks-transparentv1.png","width":250,"height":42,"caption":"ContentScouts"},"image":{"@id":"https:\/\/contentscouts.de\/#\/schema\/logo\/image\/"}}]}},"_links":{"self":[{"href":"https:\/\/contentscouts.de\/index.php?rest_route=\/wp\/v2\/pages\/13","targetHints":{"allow":["GET"]}}],"collection":[{"href":"https:\/\/contentscouts.de\/index.php?rest_route=\/wp\/v2\/pages"}],"about":[{"href":"https:\/\/contentscouts.de\/index.php?rest_route=\/wp\/v2\/types\/page"}],"author":[{"embeddable":true,"href":"https:\/\/contentscouts.de\/index.php?rest_route=\/wp\/v2\/users\/1"}],"replies":[{"embeddable":true,"href":"https:\/\/contentscouts.de\/index.php?rest_route=%2Fwp%2Fv2%2Fcomments&post=13"}],"version-history":[{"count":40,"href":"https:\/\/contentscouts.de\/index.php?rest_route=\/wp\/v2\/pages\/13\/revisions"}],"predecessor-version":[{"id":511,"href":"https:\/\/contentscouts.de\/index.php?rest_route=\/wp\/v2\/pages\/13\/revisions\/511"}],"wp:attachment":[{"href":"https:\/\/contentscouts.de\/index.php?rest_route=%2Fwp%2Fv2%2Fmedia&parent=13"}],"curies":[{"name":"wp","href":"https:\/\/api.w.org\/{rel}","templated":true}]}}