{"id":5,"date":"2021-03-06T21:34:24","date_gmt":"2021-03-06T20:34:24","guid":{"rendered":"https:\/\/contentscouts.de\/?page_id=5"},"modified":"2025-12-29T14:29:09","modified_gmt":"2025-12-29T13:29:09","slug":"contentscouts","status":"publish","type":"page","link":"https:\/\/contentscouts.de\/","title":{"rendered":"Home"},"content":{"rendered":"\t\t<div data-elementor-type=\"wp-page\" data-elementor-id=\"5\" class=\"elementor elementor-5\">\n\t\t\t\t\t\t<section class=\"elementor-section elementor-top-section elementor-element elementor-element-468d5d42 elementor-section-boxed elementor-section-height-default elementor-section-height-default\" data-id=\"468d5d42\" data-element_type=\"section\" data-e-type=\"section\">\n\t\t\t\t\t\t\t<div class=\"elementor-background-overlay\"><\/div>\n\t\t\t\t\t\t\t<div class=\"elementor-container elementor-column-gap-default\">\n\t\t\t\t\t<div class=\"elementor-column elementor-col-100 elementor-top-column elementor-element elementor-element-37cc424\" data-id=\"37cc424\" data-element_type=\"column\" data-e-type=\"column\">\n\t\t\t<div class=\"elementor-widget-wrap elementor-element-populated\">\n\t\t\t\t\t\t<div class=\"elementor-element elementor-element-f1d3822 elementor-widget elementor-widget-heading\" data-id=\"f1d3822\" data-element_type=\"widget\" data-e-type=\"widget\" data-widget_type=\"heading.default\">\n\t\t\t\t<div class=\"elementor-widget-container\">\n\t\t\t\t\t<h2 class=\"elementor-heading-title elementor-size-default\">Die Experten f\u00fcr Hightechinformationen<\/h2>\t\t\t\t<\/div>\n\t\t\t\t<\/div>\n\t\t\t\t\t<\/div>\n\t\t<\/div>\n\t\t\t\t\t<\/div>\n\t\t<\/section>\n\t\t\t\t<section class=\"elementor-section elementor-top-section elementor-element elementor-element-4f4b40a elementor-section-boxed elementor-section-height-default elementor-section-height-default\" data-id=\"4f4b40a\" data-element_type=\"section\" data-e-type=\"section\" data-settings=\"{&quot;background_background&quot;:&quot;classic&quot;}\">\n\t\t\t\t\t\t<div class=\"elementor-container elementor-column-gap-default\">\n\t\t\t\t\t<div class=\"elementor-column elementor-col-100 elementor-top-column elementor-element elementor-element-4ddef2a1\" data-id=\"4ddef2a1\" data-element_type=\"column\" data-e-type=\"column\">\n\t\t\t<div class=\"elementor-widget-wrap elementor-element-populated\">\n\t\t\t\t\t\t<div class=\"elementor-element elementor-element-4a2c89f4 elementor-widget elementor-widget-text-editor\" data-id=\"4a2c89f4\" data-element_type=\"widget\" data-e-type=\"widget\" data-widget_type=\"text-editor.default\">\n\t\t\t\t<div class=\"elementor-widget-container\">\n\t\t\t\t\t\t\t\t\t<p>ContentScouts ist ein unabh\u00e4ngiges Medienunternehmen, das relevante Fachinformationen f\u00fcr Fokusgruppen wie Automobilelektronik-Entwickler aufsp\u00fcrt, kuratiert und mit selbst erstellten exklusiven Inhalten anreichert.<\/p><p>Je nach Anforderungsprofil der redaktionellen Inhalte und der Zielgruppe stellen wir den Content \u00fcber unterschiedlichste Medienkan\u00e4le bereit. Dazu geh\u00f6ren Social-Media-Kan\u00e4le, Webseiten, digitale Newsletter oder ePaper. Erfahrene High-Tech-Redakteure bringen den Content f\u00fcr den jeweiligen Kanal in die optimale Form. Dies maximiert die Lesbarkeit und Verst\u00e4ndlichkeit der Inhalte.<\/p><p>Uns ist es wichtig, eine enge Beziehung mit den Menschen in den beobachteten Branchen und den Nutzern unserer Dienste aufzubauen und zu pflegen. Wir sind \u00fcberzeugt, nur so lassen sich Medien mit echtem Mehrwert erstellen.<\/p><p>Wir verbinden die Kultur eines Start-ups mit den Erfahrungen vieler Mannjahre in der Branche und schaffen so Medienplattformen f\u00fcr heute und morgen. Gehen Sie diesen Weg gemeinsam mit uns.<\/p><div>\u00a0<\/div><div>\u00a0<\/div>\t\t\t\t\t\t\t\t<\/div>\n\t\t\t\t<\/div>\n\t\t\t\t\t<\/div>\n\t\t<\/div>\n\t\t\t\t\t<\/div>\n\t\t<\/section>\n\t\t\t\t<section class=\"elementor-section elementor-top-section elementor-element elementor-element-6bca4d98 elementor-section-boxed elementor-section-height-default elementor-section-height-default\" data-id=\"6bca4d98\" data-element_type=\"section\" data-e-type=\"section\" data-settings=\"{&quot;background_background&quot;:&quot;classic&quot;}\">\n\t\t\t\t\t\t<div class=\"elementor-container elementor-column-gap-default\">\n\t\t\t\t\t<div class=\"elementor-column elementor-col-33 elementor-top-column elementor-element elementor-element-1d45da4e\" data-id=\"1d45da4e\" data-element_type=\"column\" data-e-type=\"column\">\n\t\t\t<div class=\"elementor-widget-wrap elementor-element-populated\">\n\t\t\t\t\t\t<div class=\"elementor-element elementor-element-4d9100e1 elementor-invisible elementor-widget elementor-widget-heading\" data-id=\"4d9100e1\" data-element_type=\"widget\" data-e-type=\"widget\" data-settings=\"{&quot;_animation&quot;:&quot;fadeIn&quot;}\" data-widget_type=\"heading.default\">\n\t\t\t\t<div class=\"elementor-widget-container\">\n\t\t\t\t\t<h2 class=\"elementor-heading-title elementor-size-default\"><a href=\"https:\/\/contentscouts.de\/?page_id=76\">Impressum<\/a><\/h2>\t\t\t\t<\/div>\n\t\t\t\t<\/div>\n\t\t\t\t\t<\/div>\n\t\t<\/div>\n\t\t\t\t<div class=\"elementor-column elementor-col-33 elementor-top-column elementor-element elementor-element-13bedd18\" data-id=\"13bedd18\" data-element_type=\"column\" data-e-type=\"column\">\n\t\t\t<div class=\"elementor-widget-wrap elementor-element-populated\">\n\t\t\t\t\t\t<div class=\"elementor-element elementor-element-14e47893 elementor-invisible elementor-widget elementor-widget-heading\" data-id=\"14e47893\" data-element_type=\"widget\" data-e-type=\"widget\" data-settings=\"{&quot;_animation&quot;:&quot;fadeIn&quot;}\" data-widget_type=\"heading.default\">\n\t\t\t\t<div class=\"elementor-widget-container\">\n\t\t\t\t\t<h2 class=\"elementor-heading-title elementor-size-default\"><a href=\"https:\/\/contentscouts.de\/?page_id=78\">Datenschutz<\/a><\/h2>\t\t\t\t<\/div>\n\t\t\t\t<\/div>\n\t\t\t\t\t<\/div>\n\t\t<\/div>\n\t\t\t\t<div class=\"elementor-column elementor-col-33 elementor-top-column elementor-element elementor-element-2e19668f\" data-id=\"2e19668f\" data-element_type=\"column\" data-e-type=\"column\">\n\t\t\t<div class=\"elementor-widget-wrap\">\n\t\t\t\t\t\t\t<\/div>\n\t\t<\/div>\n\t\t\t\t\t<\/div>\n\t\t<\/section>\n\t\t\t\t<\/div>\n\t\t","protected":false},"excerpt":{"rendered":"<p>Die Experten f\u00fcr Hightechinformationen ContentScouts ist ein unabh\u00e4ngiges Medienunternehmen, das relevante Fachinformationen f\u00fcr Fokusgruppen wie Automobilelektronik-Entwickler aufsp\u00fcrt, kuratiert und mit selbst erstellten exklusiven Inhalten anreichert. Je nach Anforderungsprofil der redaktionellen Inhalte und der Zielgruppe stellen wir den Content \u00fcber unterschiedlichste Medienkan\u00e4le bereit. Dazu geh\u00f6ren Social-Media-Kan\u00e4le, Webseiten, digitale Newsletter oder ePaper. Erfahrene High-Tech-Redakteure bringen den Content [&hellip;]<\/p>\n","protected":false},"author":1,"featured_media":0,"parent":0,"menu_order":0,"comment_status":"closed","ping_status":"closed","template":"","meta":{"ocean_post_layout":"full-screen","ocean_both_sidebars_style":"","ocean_both_sidebars_content_width":0,"ocean_both_sidebars_sidebars_width":0,"ocean_sidebar":"0","ocean_second_sidebar":"0","ocean_disable_margins":"enable","ocean_add_body_class":"","ocean_shortcode_before_top_bar":"","ocean_shortcode_after_top_bar":"","ocean_shortcode_before_header":"","ocean_shortcode_after_header":"","ocean_has_shortcode":"","ocean_shortcode_after_title":"","ocean_shortcode_before_footer_widgets":"","ocean_shortcode_after_footer_widgets":"","ocean_shortcode_before_footer_bottom":"","ocean_shortcode_after_footer_bottom":"","ocean_display_top_bar":"off","ocean_display_header":"default","ocean_header_style":"","ocean_center_header_left_menu":"0","ocean_custom_header_template":"0","ocean_custom_logo":0,"ocean_custom_retina_logo":0,"ocean_custom_logo_max_width":0,"ocean_custom_logo_tablet_max_width":0,"ocean_custom_logo_mobile_max_width":0,"ocean_custom_logo_max_height":0,"ocean_custom_logo_tablet_max_height":0,"ocean_custom_logo_mobile_max_height":0,"ocean_header_custom_menu":"0","ocean_menu_typo_font_family":"0","ocean_menu_typo_font_subset":"","ocean_menu_typo_font_size":0,"ocean_menu_typo_font_size_tablet":0,"ocean_menu_typo_font_size_mobile":0,"ocean_menu_typo_font_size_unit":"px","ocean_menu_typo_font_weight":"","ocean_menu_typo_font_weight_tablet":"","ocean_menu_typo_font_weight_mobile":"","ocean_menu_typo_transform":"","ocean_menu_typo_transform_tablet":"","ocean_menu_typo_transform_mobile":"","ocean_menu_typo_line_height":0,"ocean_menu_typo_line_height_tablet":0,"ocean_menu_typo_line_height_mobile":0,"ocean_menu_typo_line_height_unit":"","ocean_menu_typo_spacing":0,"ocean_menu_typo_spacing_tablet":0,"ocean_menu_typo_spacing_mobile":0,"ocean_menu_typo_spacing_unit":"","ocean_menu_link_color":"","ocean_menu_link_color_hover":"","ocean_menu_link_color_active":"","ocean_menu_link_background":"","ocean_menu_link_hover_background":"","ocean_menu_link_active_background":"","ocean_menu_social_links_bg":"","ocean_menu_social_hover_links_bg":"","ocean_menu_social_links_color":"","ocean_menu_social_hover_links_color":"","ocean_disable_title":"on","ocean_disable_heading":"default","ocean_post_title":"","ocean_post_subheading":"","ocean_post_title_style":"","ocean_post_title_background_color":"","ocean_post_title_background":0,"ocean_post_title_bg_image_position":"","ocean_post_title_bg_image_attachment":"","ocean_post_title_bg_image_repeat":"","ocean_post_title_bg_image_size":"","ocean_post_title_height":0,"ocean_post_title_bg_overlay":0.5,"ocean_post_title_bg_overlay_color":"","ocean_disable_breadcrumbs":"default","ocean_breadcrumbs_color":"","ocean_breadcrumbs_separator_color":"","ocean_breadcrumbs_links_color":"","ocean_breadcrumbs_links_hover_color":"","ocean_display_footer_widgets":"off","ocean_display_footer_bottom":"off","ocean_custom_footer_template":"0","footnotes":""},"class_list":["post-5","page","type-page","status-publish","hentry","entry"],"yoast_head":"<!-- This site is optimized with the Yoast SEO plugin v27.5 - https:\/\/yoast.com\/product\/yoast-seo-wordpress\/ -->\n<title>Die Experten f\u00fcr High-Tech-Informationen<\/title>\n<meta name=\"description\" content=\"ContentScouts entwickelt und produziert als unabh\u00e4ngiges Medienunternehmen Fachinformationen f\u00fcr High-Tech-Branchen.\" \/>\n<meta name=\"robots\" content=\"index, follow, max-snippet:-1, max-image-preview:large, max-video-preview:-1\" \/>\n<link rel=\"canonical\" href=\"https:\/\/contentscouts.de\/\" \/>\n<meta property=\"og:locale\" content=\"de_DE\" \/>\n<meta property=\"og:type\" content=\"article\" \/>\n<meta property=\"og:title\" content=\"Die Experten f\u00fcr High-Tech-Informationen\" \/>\n<meta property=\"og:description\" content=\"ContentScouts entwickelt und produziert als unabh\u00e4ngiges Medienunternehmen Fachinformationen f\u00fcr High-Tech-Branchen.\" \/>\n<meta property=\"og:url\" content=\"https:\/\/contentscouts.de\/\" \/>\n<meta property=\"og:site_name\" content=\"ContentScouts\" \/>\n<meta property=\"article:modified_time\" content=\"2025-12-29T13:29:09+00:00\" \/>\n<meta name=\"twitter:card\" content=\"summary_large_image\" \/>\n<meta name=\"twitter:label1\" content=\"Gesch\u00e4tzte Lesezeit\" \/>\n\t<meta name=\"twitter:data1\" content=\"1\u00a0Minute\" \/>\n<script type=\"application\/ld+json\" class=\"yoast-schema-graph\">{\"@context\":\"https:\\\/\\\/schema.org\",\"@graph\":[{\"@type\":\"WebPage\",\"@id\":\"https:\\\/\\\/contentscouts.de\\\/\",\"url\":\"https:\\\/\\\/contentscouts.de\\\/\",\"name\":\"Die Experten f\u00fcr High-Tech-Informationen\",\"isPartOf\":{\"@id\":\"https:\\\/\\\/contentscouts.de\\\/#website\"},\"datePublished\":\"2021-03-06T20:34:24+00:00\",\"dateModified\":\"2025-12-29T13:29:09+00:00\",\"description\":\"ContentScouts entwickelt und produziert als unabh\u00e4ngiges Medienunternehmen Fachinformationen f\u00fcr High-Tech-Branchen.\",\"breadcrumb\":{\"@id\":\"https:\\\/\\\/contentscouts.de\\\/#breadcrumb\"},\"inLanguage\":\"de\",\"potentialAction\":[{\"@type\":\"ReadAction\",\"target\":[\"https:\\\/\\\/contentscouts.de\\\/\"]}]},{\"@type\":\"BreadcrumbList\",\"@id\":\"https:\\\/\\\/contentscouts.de\\\/#breadcrumb\",\"itemListElement\":[{\"@type\":\"ListItem\",\"position\":1,\"name\":\"Startseite\",\"item\":\"https:\\\/\\\/contentscouts.de\\\/\"},{\"@type\":\"ListItem\",\"position\":2,\"name\":\"Home\"}]},{\"@type\":\"WebSite\",\"@id\":\"https:\\\/\\\/contentscouts.de\\\/#website\",\"url\":\"https:\\\/\\\/contentscouts.de\\\/\",\"name\":\"ContentScouts\",\"description\":\"Die Experten f\u00fcr High-Tech-Informationen\",\"publisher\":{\"@id\":\"https:\\\/\\\/contentscouts.de\\\/#organization\"},\"potentialAction\":[{\"@type\":\"SearchAction\",\"target\":{\"@type\":\"EntryPoint\",\"urlTemplate\":\"https:\\\/\\\/contentscouts.de\\\/?s={search_term_string}\"},\"query-input\":{\"@type\":\"PropertyValueSpecification\",\"valueRequired\":true,\"valueName\":\"search_term_string\"}}],\"inLanguage\":\"de\"},{\"@type\":\"Organization\",\"@id\":\"https:\\\/\\\/contentscouts.de\\\/#organization\",\"name\":\"ContentScouts\",\"url\":\"https:\\\/\\\/contentscouts.de\\\/\",\"logo\":{\"@type\":\"ImageObject\",\"inLanguage\":\"de\",\"@id\":\"https:\\\/\\\/contentscouts.de\\\/#\\\/schema\\\/logo\\\/image\\\/\",\"url\":\"https:\\\/\\\/contentscouts.de\\\/wp-content\\\/uploads\\\/2021\\\/03\\\/cropped-CS-Logo-mit-Klecks-transparentv1.png\",\"contentUrl\":\"https:\\\/\\\/contentscouts.de\\\/wp-content\\\/uploads\\\/2021\\\/03\\\/cropped-CS-Logo-mit-Klecks-transparentv1.png\",\"width\":250,\"height\":42,\"caption\":\"ContentScouts\"},\"image\":{\"@id\":\"https:\\\/\\\/contentscouts.de\\\/#\\\/schema\\\/logo\\\/image\\\/\"}}]}<\/script>\n<!-- \/ Yoast SEO plugin. -->","yoast_head_json":{"title":"Die Experten f\u00fcr High-Tech-Informationen","description":"ContentScouts entwickelt und produziert als unabh\u00e4ngiges Medienunternehmen Fachinformationen f\u00fcr High-Tech-Branchen.","robots":{"index":"index","follow":"follow","max-snippet":"max-snippet:-1","max-image-preview":"max-image-preview:large","max-video-preview":"max-video-preview:-1"},"canonical":"https:\/\/contentscouts.de\/","og_locale":"de_DE","og_type":"article","og_title":"Die Experten f\u00fcr High-Tech-Informationen","og_description":"ContentScouts entwickelt und produziert als unabh\u00e4ngiges Medienunternehmen Fachinformationen f\u00fcr High-Tech-Branchen.","og_url":"https:\/\/contentscouts.de\/","og_site_name":"ContentScouts","article_modified_time":"2025-12-29T13:29:09+00:00","twitter_card":"summary_large_image","twitter_misc":{"Gesch\u00e4tzte Lesezeit":"1\u00a0Minute"},"schema":{"@context":"https:\/\/schema.org","@graph":[{"@type":"WebPage","@id":"https:\/\/contentscouts.de\/","url":"https:\/\/contentscouts.de\/","name":"Die Experten f\u00fcr High-Tech-Informationen","isPartOf":{"@id":"https:\/\/contentscouts.de\/#website"},"datePublished":"2021-03-06T20:34:24+00:00","dateModified":"2025-12-29T13:29:09+00:00","description":"ContentScouts entwickelt und produziert als unabh\u00e4ngiges Medienunternehmen Fachinformationen f\u00fcr High-Tech-Branchen.","breadcrumb":{"@id":"https:\/\/contentscouts.de\/#breadcrumb"},"inLanguage":"de","potentialAction":[{"@type":"ReadAction","target":["https:\/\/contentscouts.de\/"]}]},{"@type":"BreadcrumbList","@id":"https:\/\/contentscouts.de\/#breadcrumb","itemListElement":[{"@type":"ListItem","position":1,"name":"Startseite","item":"https:\/\/contentscouts.de\/"},{"@type":"ListItem","position":2,"name":"Home"}]},{"@type":"WebSite","@id":"https:\/\/contentscouts.de\/#website","url":"https:\/\/contentscouts.de\/","name":"ContentScouts","description":"Die Experten f\u00fcr High-Tech-Informationen","publisher":{"@id":"https:\/\/contentscouts.de\/#organization"},"potentialAction":[{"@type":"SearchAction","target":{"@type":"EntryPoint","urlTemplate":"https:\/\/contentscouts.de\/?s={search_term_string}"},"query-input":{"@type":"PropertyValueSpecification","valueRequired":true,"valueName":"search_term_string"}}],"inLanguage":"de"},{"@type":"Organization","@id":"https:\/\/contentscouts.de\/#organization","name":"ContentScouts","url":"https:\/\/contentscouts.de\/","logo":{"@type":"ImageObject","inLanguage":"de","@id":"https:\/\/contentscouts.de\/#\/schema\/logo\/image\/","url":"https:\/\/contentscouts.de\/wp-content\/uploads\/2021\/03\/cropped-CS-Logo-mit-Klecks-transparentv1.png","contentUrl":"https:\/\/contentscouts.de\/wp-content\/uploads\/2021\/03\/cropped-CS-Logo-mit-Klecks-transparentv1.png","width":250,"height":42,"caption":"ContentScouts"},"image":{"@id":"https:\/\/contentscouts.de\/#\/schema\/logo\/image\/"}}]}},"_links":{"self":[{"href":"https:\/\/contentscouts.de\/index.php?rest_route=\/wp\/v2\/pages\/5","targetHints":{"allow":["GET"]}}],"collection":[{"href":"https:\/\/contentscouts.de\/index.php?rest_route=\/wp\/v2\/pages"}],"about":[{"href":"https:\/\/contentscouts.de\/index.php?rest_route=\/wp\/v2\/types\/page"}],"author":[{"embeddable":true,"href":"https:\/\/contentscouts.de\/index.php?rest_route=\/wp\/v2\/users\/1"}],"replies":[{"embeddable":true,"href":"https:\/\/contentscouts.de\/index.php?rest_route=%2Fwp%2Fv2%2Fcomments&post=5"}],"version-history":[{"count":86,"href":"https:\/\/contentscouts.de\/index.php?rest_route=\/wp\/v2\/pages\/5\/revisions"}],"predecessor-version":[{"id":502,"href":"https:\/\/contentscouts.de\/index.php?rest_route=\/wp\/v2\/pages\/5\/revisions\/502"}],"wp:attachment":[{"href":"https:\/\/contentscouts.de\/index.php?rest_route=%2Fwp%2Fv2%2Fmedia&parent=5"}],"curies":[{"name":"wp","href":"https:\/\/api.w.org\/{rel}","templated":true}]}}